{"id":9284,"date":"2026-03-20T17:12:02","date_gmt":"2026-03-20T17:12:02","guid":{"rendered":"https:\/\/coopcomin.org\/cominvolo\/?page_id=9284"},"modified":"2026-03-20T17:46:24","modified_gmt":"2026-03-20T17:46:24","slug":"mosso","status":"publish","type":"page","link":"https:\/\/coopcomin.org\/cominvolo\/radura\/le-sperimentazioni\/mosso\/","title":{"rendered":"Mosso"},"content":{"rendered":"<p>[et_pb_section fb_built=&#8221;1&#8243; _builder_version=&#8221;4.27.4&#8243; _module_preset=&#8221;default&#8221; custom_margin=&#8221;0px||0px||false|false&#8221; custom_padding=&#8221;0px||||false|false&#8221; global_colors_info=&#8221;{}&#8221;][et_pb_row _builder_version=&#8221;4.27.4&#8243; _module_preset=&#8221;default&#8221; global_colors_info=&#8221;{}&#8221;][et_pb_column type=&#8221;4_4&#8243; _builder_version=&#8221;4.27.4&#8243; _module_preset=&#8221;default&#8221; global_colors_info=&#8221;{}&#8221;][et_pb_text _builder_version=&#8221;4.27.5&#8243; _module_preset=&#8221;default&#8221; hover_enabled=&#8221;0&#8243; global_colors_info=&#8221;{}&#8221; sticky_enabled=&#8221;0&#8243;]<\/p>\n<h1><strong>Mosso<\/strong><\/h1>\n<p><span style=\"font-weight: 400;\">L\u2019avventura di mosso nasce dal desiderio rendere possibile l\u2019utilizzo per il quartiere e la citt\u00e0 dell&#8217;ex Convitto del Parco Trotter appena ristrutturato. Persone e gruppi da decenni si erano battuti perch\u00e9 un luogo dimenticato, abbandonato, di 6.000 metri quadri venisse recuperato. Dopo un lungo impegno questo sogno si \u00e8 realizzato e Comin assieme a dei partner, tra cui il pi\u00f9 attivo nella collaborazione\u00a0 \u00e8 Olinda, si occupa della gestione di questo spazio, che riveste un ruolo importante Milano e per via Padova.<\/span><span style=\"font-weight: 400;\"><br \/><\/span><span style=\"font-weight: 400;\">mosso si definisce oggi come un \u201c<\/span><i><span style=\"font-weight: 400;\">ecosistema dove coltivare desideri, un luogo multiforme che indaga le differenze e confonde le distanze, dove l\u2019inclusivit\u00e0 \u00e8 l\u2019inizio di un percorso di crescita e le aspirazioni sono capacit\u00e0 da coltivare ogni gior<\/span><\/i><span style=\"font-weight: 400;\">no\u201d, attraverso lo molteplici opportunit\u00e0 che offre.<\/span><\/p>\n<p><span style=\"font-weight: 400;\">&#8211; Nel primo contributo Luca Rossetti ci racconta in concreto le attivit\u00e0 che si svolgono a mosso, soffermandosi in particolare su quelle svolte da Comin e sulle questioni aperte.<\/span><\/p>\n<p><span style=\"font-weight: 400;\">Vi proponiamo poi la consultazione:<\/span><\/p>\n<p><span style=\"font-weight: 400;\">&#8211; del Sito di mosso<\/span><\/p>\n<p><span style=\"font-weight: 400;\">&#8211; della pagina Instagram<\/span><\/p>\n<p><span style=\"font-weight: 400;\">&#8211; della relazione delle attivit\u00e0 2024<\/span><\/p>\n<p><span style=\"font-weight: 400;\">Immagini, colori, racconto utili e piacevoli che completano la presentazione.<\/span><\/p>\n<p>&nbsp;<\/p>\n<p>[\/et_pb_text][\/et_pb_column][\/et_pb_row][et_pb_row _builder_version=&#8221;4.27.4&#8243; _module_preset=&#8221;default&#8221; global_colors_info=&#8221;{}&#8221;][et_pb_column type=&#8221;4_4&#8243; _builder_version=&#8221;4.27.4&#8243; _module_preset=&#8221;default&#8221; global_colors_info=&#8221;{}&#8221;][et_pb_text _builder_version=&#8221;4.27.5&#8243; _dynamic_attributes=&#8221;link_option_url&#8221; _module_preset=&#8221;default&#8221; link_option_url=&#8221;@ET-DC@eyJkeW5hbWljIjp0cnVlLCJjb250ZW50IjoicG9zdF9saW5rX3VybF9wb3N0Iiwic2V0dGluZ3MiOnsicG9zdF9pZCI6IjkyOTUifX0=@&#8221; hover_enabled=&#8221;0&#8243; global_colors_info=&#8221;{}&#8221; sticky_enabled=&#8221;0&#8243;]<\/p>\n<h2><strong>Il racconto di Mosso<\/strong><\/h2>\n<p>[\/et_pb_text][et_pb_text _builder_version=&#8221;4.27.5&#8243; _module_preset=&#8221;default&#8221; link_option_url=&#8221;https:\/\/mosso.org&#8221; hover_enabled=&#8221;0&#8243; global_colors_info=&#8221;{}&#8221; sticky_enabled=&#8221;0&#8243;]<\/p>\n<h2><strong>Sito Mosso<\/strong><\/h2>\n<p>[\/et_pb_text][et_pb_text _builder_version=&#8221;4.27.5&#8243; _module_preset=&#8221;default&#8221; link_option_url=&#8221;https:\/\/www.instagram.com\/mossomilano\/&#8221; hover_enabled=&#8221;0&#8243; global_colors_info=&#8221;{}&#8221; sticky_enabled=&#8221;0&#8243;]<\/p>\n<h2><strong>Pagina Instagram Mosso<\/strong><\/h2>\n<p>[\/et_pb_text][et_pb_text _builder_version=&#8221;4.27.5&#8243; _module_preset=&#8221;default&#8221; link_option_url=&#8221;https:\/\/admin.mosso.org\/uploads\/report_attivita_mosso_2024_light_a389e2681f.pdf&#8221; hover_enabled=&#8221;0&#8243; global_colors_info=&#8221;{}&#8221; sticky_enabled=&#8221;0&#8243;]<\/p>\n<h2><strong>Report attivit\u00e0 2024<\/strong><\/h2>\n<p>[\/et_pb_text][\/et_pb_column][\/et_pb_row][\/et_pb_section]<\/p>\n","protected":false},"excerpt":{"rendered":"<p>Mosso L\u2019avventura di mosso nasce dal desiderio&#8230;<\/p>\n","protected":false},"author":7,"featured_media":0,"parent":6716,"menu_order":0,"comment_status":"closed","ping_status":"closed","template":"","meta":{"_et_pb_use_builder":"on","_et_pb_old_content":"","_et_gb_content_width":"","rop_custom_images_group":[],"rop_custom_messages_group":[],"rop_publish_now":"initial","rop_publish_now_accounts":[],"rop_publish_now_history":[],"rop_publish_now_status":"pending","neve_meta_sidebar":"","neve_meta_container":"","neve_meta_enable_content_width":"","neve_meta_content_width":0,"neve_meta_title_alignment":"","neve_meta_author_avatar":"","neve_post_elements_order":"","neve_meta_disable_header":"","neve_meta_disable_footer":"","neve_meta_disable_title":"on","neve_meta_reading_time":"","footnotes":""},"class_list":["post-9284","page","type-page","status-publish","hentry"],"jetpack_sharing_enabled":true,"_links":{"self":[{"href":"https:\/\/coopcomin.org\/cominvolo\/wp-json\/wp\/v2\/pages\/9284","targetHints":{"allow":["GET"]}}],"collection":[{"href":"https:\/\/coopcomin.org\/cominvolo\/wp-json\/wp\/v2\/pages"}],"about":[{"href":"https:\/\/coopcomin.org\/cominvolo\/wp-json\/wp\/v2\/types\/page"}],"author":[{"embeddable":true,"href":"https:\/\/coopcomin.org\/cominvolo\/wp-json\/wp\/v2\/users\/7"}],"replies":[{"embeddable":true,"href":"https:\/\/coopcomin.org\/cominvolo\/wp-json\/wp\/v2\/comments?post=9284"}],"version-history":[{"count":7,"href":"https:\/\/coopcomin.org\/cominvolo\/wp-json\/wp\/v2\/pages\/9284\/revisions"}],"predecessor-version":[{"id":9307,"href":"https:\/\/coopcomin.org\/cominvolo\/wp-json\/wp\/v2\/pages\/9284\/revisions\/9307"}],"up":[{"embeddable":true,"href":"https:\/\/coopcomin.org\/cominvolo\/wp-json\/wp\/v2\/pages\/6716"}],"wp:attachment":[{"href":"https:\/\/coopcomin.org\/cominvolo\/wp-json\/wp\/v2\/media?parent=9284"}],"curies":[{"name":"wp","href":"https:\/\/api.w.org\/{rel}","templated":true}]}}