{"id":5824,"date":"2025-08-05T10:19:39","date_gmt":"2025-08-05T10:19:39","guid":{"rendered":"https:\/\/coopcomin.org\/cominvolo\/?page_id=5824"},"modified":"2026-04-09T13:19:10","modified_gmt":"2026-04-09T13:19:10","slug":"festeggiando-il-cinquantennale","status":"publish","type":"page","link":"https:\/\/coopcomin.org\/cominvolo\/radura\/festeggiando-il-cinquantennale\/","title":{"rendered":"Festeggiando il Cinquantennale"},"content":{"rendered":"<p>[et_pb_section fb_built=&#8221;1&#8243; _builder_version=&#8221;4.19.4&#8243; _module_preset=&#8221;default&#8221; custom_margin=&#8221;0px||0px||false|false&#8221; custom_padding=&#8221;0px||0px||false|false&#8221; global_colors_info=&#8221;{}&#8221;][et_pb_row _builder_version=&#8221;4.19.4&#8243; _module_preset=&#8221;default&#8221; global_colors_info=&#8221;{}&#8221;][et_pb_column type=&#8221;4_4&#8243; _builder_version=&#8221;4.19.4&#8243; _module_preset=&#8221;default&#8221; global_colors_info=&#8221;{}&#8221;][et_pb_text _builder_version=&#8221;4.27.4&#8243; _module_preset=&#8221;default&#8221; header_font=&#8221;||||||||&#8221; header_2_font_size=&#8221;21px&#8221; global_colors_info=&#8221;{}&#8221;]<\/p>\n<h1><strong>Festeggiando il Cinquantennale<\/strong><\/h1>\n<p>[\/et_pb_text][\/et_pb_column][\/et_pb_row][\/et_pb_section][et_pb_section fb_built=&#8221;1&#8243; _builder_version=&#8221;4.19.4&#8243; _module_preset=&#8221;default&#8221; custom_margin=&#8221;0px||0px||false|false&#8221; custom_padding=&#8221;0px||0px||false|false&#8221; global_colors_info=&#8221;{}&#8221;][et_pb_row use_custom_gutter=&#8221;on&#8221; gutter_width=&#8221;2&#8243; _builder_version=&#8221;4.19.4&#8243; _module_preset=&#8221;default&#8221; custom_margin=&#8221;0px||||false|false&#8221; custom_padding=&#8221;0px||||false|false&#8221; global_colors_info=&#8221;{}&#8221;][et_pb_column type=&#8221;4_4&#8243; _builder_version=&#8221;4.19.4&#8243; _module_preset=&#8221;default&#8221; global_colors_info=&#8221;{}&#8221;][et_pb_text _builder_version=&#8221;4.27.4&#8243; _module_preset=&#8221;default&#8221; header_font=&#8221;|800|||||||&#8221; header_font_size=&#8221;24px&#8221; header_2_font_size=&#8221;21px&#8221; global_colors_info=&#8221;{}&#8221;]<\/p>\n<p><span style=\"font-weight: 400;\">In questa pagina raccogliamo i ricordi di alcune delle iniziative che stiamo realizzando per festeggiare, per esprimere cio\u00e8 la gioia per quanto vissuto da Comin nei suoi primi cinquant\u2019anni. Trovi la linea del tempo, i video del flash mob o della bellissima festa del 24 maggio e altro ancora.<\/span><\/p>\n<p>[\/et_pb_text][\/et_pb_column][\/et_pb_row][\/et_pb_section][et_pb_section fb_built=&#8221;1&#8243; _builder_version=&#8221;4.27.4&#8243; _module_preset=&#8221;default&#8221; global_colors_info=&#8221;{}&#8221;][et_pb_row column_structure=&#8221;1_3,1_3,1_3&#8243; _builder_version=&#8221;4.27.4&#8243; _module_preset=&#8221;default&#8221; global_colors_info=&#8221;{}&#8221;][et_pb_column type=&#8221;1_3&#8243; _builder_version=&#8221;4.27.4&#8243; _module_preset=&#8221;default&#8221; global_colors_info=&#8221;{}&#8221;][et_pb_image src=&#8221;https:\/\/coopcomin.org\/cominvolo\/wp-content\/uploads\/2025\/07\/Immagine-di-copertina-pagina-Radura-_La-linea-del-tempo_.jpg&#8221; title_text=&#8221;Immagine Di Copertina Pagina Radura La Linea Del Tempo &#8221; url=&#8221;@ET-DC@eyJkeW5hbWljIjp0cnVlLCJjb250ZW50IjoicG9zdF9saW5rX3VybF9wYWdlIiwic2V0dGluZ3MiOnsicG9zdF9pZCI6IjU3ODAifX0=@&#8221; _builder_version=&#8221;4.27.4&#8243; _dynamic_attributes=&#8221;url&#8221; _module_preset=&#8221;default&#8221; global_colors_info=&#8221;{}&#8221;][\/et_pb_image][et_pb_text _builder_version=&#8221;4.27.4&#8243; _dynamic_attributes=&#8221;link_option_url&#8221; _module_preset=&#8221;default&#8221; link_option_url=&#8221;@ET-DC@eyJkeW5hbWljIjp0cnVlLCJjb250ZW50IjoicG9zdF9saW5rX3VybF9wYWdlIiwic2V0dGluZ3MiOnsicG9zdF9pZCI6IjU3ODAifX0=@&#8221; global_colors_info=&#8221;{}&#8221;]<\/p>\n<h2 style=\"text-align: center;\"><strong>La linea del tempo dei 50 anni di Comin<\/strong><\/h2>\n<p>In occasione della festa per il nostro cinquantesimo compleanno una mostra per percorrere a passi agili il tempo vissuto da Comin. Un cartellone ogni cinque anni per ricordare, pensare, comprendere e ringraziare i soci che hanno camminato nel tempo per le intuizioni, le fatiche, la convinzione.<\/p>\n<p>[\/et_pb_text][\/et_pb_column][et_pb_column type=&#8221;1_3&#8243; _builder_version=&#8221;4.27.4&#8243; _module_preset=&#8221;default&#8221; global_colors_info=&#8221;{}&#8221;][et_pb_video src=&#8221;https:\/\/coopcomin.org\/cominvolo\/wp-content\/uploads\/2025\/08\/FUTURO_cosapuoidare_Comin_75sec.m4v&#8221; _builder_version=&#8221;4.27.4&#8243; _module_preset=&#8221;default&#8221; global_colors_info=&#8221;{}&#8221;][\/et_pb_video][et_pb_text _builder_version=&#8221;4.27.4&#8243; _module_preset=&#8221;default&#8221; global_colors_info=&#8221;{}&#8221;]<\/p>\n<h2 style=\"text-align: center;\"><strong>Tu cosa puoi dare al futuro?<\/strong><\/h2>\n<p><span style=\"font-weight: 400;\">La prima iniziativa pubblica per festeggiare il cinquantennale di Comin \u00e8 stata una performance di Flash Mob. In Piazza della Scala, davanti a Palazzo Marino, sono state poste delle installazioni per favorire il coinvolgimento dei passanti e chiedere la loro risposta alla domanda tema dell\u2019evento: <\/span><b><i>E tu cosa puoi dare al futuro? <\/i><\/b><span style=\"font-weight: 400;\">Sono scesi da Palazzo Marino anche l\u2019assessore e dei consiglieri comunali. In questo breve video qualche immagine ed alcune delle voci dei partecipanti.\u00a0<\/span><\/p>\n<p>[\/et_pb_text][\/et_pb_column][et_pb_column type=&#8221;1_3&#8243; _builder_version=&#8221;4.27.4&#8243; _module_preset=&#8221;default&#8221; global_colors_info=&#8221;{}&#8221;][et_pb_video src=&#8221;https:\/\/youtu.be\/qCELV3hJ4_g&#8221; _builder_version=&#8221;4.27.4&#8243; _module_preset=&#8221;default&#8221; global_colors_info=&#8221;{}&#8221;][\/et_pb_video][et_pb_text _builder_version=&#8221;4.27.4&#8243; _module_preset=&#8221;default&#8221; global_colors_info=&#8221;{}&#8221;]<\/p>\n<h2 style=\"text-align: center;\"><strong>La festa del cinquantesimo compleanno<\/strong><\/h2>\n<p><span style=\"font-weight: 400;\">Il 24 maggio 2025 la festa di compleanno, davvero indimenticabile. Tantissime persone, tanti ricordi, tanta gioia, tante emozioni e anche tante proposte di intrattenimento. Un breve video ci fa assaggiare qualcuna di queste emozioni. Grazie a tutti quelli che sono passati quel giorno e soprattutto a chi ha camminato nella storia di Comin. Un grazie speciale ai <\/span><i><span style=\"font-weight: 400;\">Patagarri<\/span><\/i><span style=\"font-weight: 400;\"> che hanno partecipato con entusiasmo alla nostra festa.<\/span><\/p>\n<p>[\/et_pb_text][\/et_pb_column][\/et_pb_row][et_pb_row column_structure=&#8221;1_3,1_3,1_3&#8243; _builder_version=&#8221;4.27.4&#8243; _module_preset=&#8221;default&#8221; global_colors_info=&#8221;{}&#8221;][et_pb_column type=&#8221;1_3&#8243; _builder_version=&#8221;4.27.4&#8243; _module_preset=&#8221;default&#8221; global_colors_info=&#8221;{}&#8221;][et_pb_image src=&#8221;https:\/\/coopcomin.org\/cominvolo\/wp-content\/uploads\/2025\/12\/Immagine-Noi-siamo-Repubblica.jpg&#8221; title_text=&#8221;Immagine Noi Siamo Repubblica&#8221; url=&#8221;@ET-DC@eyJkeW5hbWljIjp0cnVlLCJjb250ZW50IjoicG9zdF9saW5rX3VybF9wYWdlIiwic2V0dGluZ3MiOnsicG9zdF9pZCI6IjY5ODcifX0=@&#8221; _builder_version=&#8221;4.27.4&#8243; _dynamic_attributes=&#8221;url&#8221; _module_preset=&#8221;default&#8221; global_colors_info=&#8221;{}&#8221;][\/et_pb_image][et_pb_text _builder_version=&#8221;4.27.4&#8243; _dynamic_attributes=&#8221;link_option_url&#8221; _module_preset=&#8221;default&#8221; link_option_url=&#8221;@ET-DC@eyJkeW5hbWljIjp0cnVlLCJjb250ZW50IjoicG9zdF9saW5rX3VybF9wYWdlIiwic2V0dGluZ3MiOnsicG9zdF9pZCI6IjU3ODAifX0=@&#8221; global_colors_info=&#8221;{}&#8221;]<\/p>\n<h2 style=\"text-align: center;\"><a href=\"https:\/\/coopcomin.org\/cominvolo\/radura\/festeggiando-il-cinquantennale\/convegno-noi-siamo-repubblica\/\"><strong>Convegno Noi siamo Repubblica<\/strong><\/a><strong><\/strong><\/h2>\n<p><span style=\"font-weight: 400;\">Un momento importante dei festeggiamenti del Cinquantennale organizzato assieme a Diapason il 24 ottobre 2025. Noi per festeggiare i nostri 50 anni, loro il quarantennale.<\/span><\/p>\n<p><span style=\"font-weight: 400;\">Festeggiamo assieme perch\u00e9 le nostre storie si sono intrecciate in molte collaborazioni creando belle affinit\u00e0.<\/span><\/p>\n<p><span style=\"font-weight: 400;\">Riportiamo qui la sintesi di tre interventi: quelli del nostro presidente Elza Daga, di Emanuele Bana e Paolo Cattaneo, presidente del Cnca Lombardia, la nostra casa comune.<\/span><\/p>\n<p><span style=\"font-weight: 400;\">Su <\/span><i><span style=\"font-weight: 400;\">Dario di volo<\/span><\/i><span style=\"font-weight: 400;\"> un articolo di Michela che racconta il suo approccio a quella bellissima giornata.<\/span><\/p>\n<p><span style=\"font-weight: 400;\">Tra qualche giorno ci saranno i link ai video di tutti gli interventi.<\/span><\/p>\n<p>[\/et_pb_text][\/et_pb_column][et_pb_column type=&#8221;1_3&#8243; _builder_version=&#8221;4.27.4&#8243; _module_preset=&#8221;default&#8221; global_colors_info=&#8221;{}&#8221;][et_pb_image title_text=&#8221;Copertina immagine pagina Mini conferenze&#8221; url=&#8221;@ET-DC@eyJkeW5hbWljIjp0cnVlLCJjb250ZW50IjoicG9zdF9saW5rX3VybF9wYWdlIiwic2V0dGluZ3MiOnsicG9zdF9pZCI6IjkzOTIifX0=@&#8221; _builder_version=&#8221;4.27.5&#8243; _dynamic_attributes=&#8221;url&#8221; _module_preset=&#8221;default&#8221; hover_enabled=&#8221;0&#8243; global_colors_info=&#8221;{}&#8221; src=&#8221;https:\/\/coopcomin.org\/cominvolo\/wp-content\/uploads\/2026\/04\/Copertina-immagine-pagina-Mini-conferenze.jpg&#8221; sticky_enabled=&#8221;0&#8243;][\/et_pb_image][et_pb_text _builder_version=&#8221;4.27.5&#8243; _dynamic_attributes=&#8221;link_option_url&#8221; _module_preset=&#8221;default&#8221; link_option_url=&#8221;@ET-DC@eyJkeW5hbWljIjp0cnVlLCJjb250ZW50IjoicG9zdF9saW5rX3VybF9wYWdlIiwic2V0dGluZ3MiOnsicG9zdF9pZCI6IjU3ODAifX0=@&#8221; global_colors_info=&#8221;{}&#8221;]<\/p>\n<h2 style=\"text-align: center;\"><a href=\"https:\/\/coopcomin.org\/cominvolo\/radura\/festeggiando-il-cinquantennale\/mini-conferenze\/\"><strong>Mini conferenze<\/strong><\/a><strong><\/strong><\/h2>\n<p><span style=\"font-weight: 400;\">Durante la festa del Cinquantennale, tenutasi il 24 maggio 2025, si sono svolte alcune mini conferenze allo scopo di presentare aspetti specifici della storia di Comin. Pubblicheremo ogni settimana i video di questi contributi. Oggi cominciamo con il video degli <\/span><i><span style=\"font-weight: 400;\">interventi introduttiv<\/span><\/i><span style=\"font-weight: 400;\">i e con la <\/span><i><span style=\"font-weight: 400;\">presentazione di Cominvolo <\/span><\/i><span style=\"font-weight: 400;\">poi seguiranno ogni settimana gli altri video: <\/span><i><span style=\"font-weight: 400;\">Viaggiando dentro l\u2019Affido, La comunit\u00e0 come Casa la comunit\u00e0 come servizio <\/span><\/i><span style=\"font-weight: 400;\">con l\u2019aggiunta di una bella testimonianza, <\/span><i><span style=\"font-weight: 400;\">Quarant\u2019anni in punta di piedi: il lavoro educativo domiciliare, Genitori attivi del Picchio Rosso, Associazione volo, Patto di collaborazione per il volontariato aziendale.<\/span><\/i><\/p>\n<p><span style=\"font-weight: 400;\">Se sei interessato a visionare i contributi sugli altri eventi tenuti nel cinquantennale ti invitiamo ad accedere alla pagina <\/span><i><span style=\"font-weight: 400;\">Festeggiando il Cinquantennale<\/span><\/i><span style=\"font-weight: 400;\"> nella sezione<\/span><i><span style=\"font-weight: 400;\"> Radura.<\/span><\/i><\/p>\n<p>[\/et_pb_text][\/et_pb_column][et_pb_column type=&#8221;1_3&#8243; _builder_version=&#8221;4.27.4&#8243; _module_preset=&#8221;default&#8221; global_colors_info=&#8221;{}&#8221;][et_pb_image title_text=&#8221;Copertina pagina Altri anniversari&#8221; url=&#8221;@ET-DC@eyJkeW5hbWljIjp0cnVlLCJjb250ZW50IjoicG9zdF9saW5rX3VybF9wYWdlIiwic2V0dGluZ3MiOnsicG9zdF9pZCI6Ijk0MDAifX0=@&#8221; _builder_version=&#8221;4.27.5&#8243; _dynamic_attributes=&#8221;url&#8221; _module_preset=&#8221;default&#8221; hover_enabled=&#8221;0&#8243; global_colors_info=&#8221;{}&#8221; src=&#8221;https:\/\/coopcomin.org\/cominvolo\/wp-content\/uploads\/2026\/04\/Copertina-pagina-Altri-anniversari.jpg&#8221; sticky_enabled=&#8221;0&#8243;][\/et_pb_image][et_pb_text _builder_version=&#8221;4.27.5&#8243; _dynamic_attributes=&#8221;link_option_url&#8221; _module_preset=&#8221;default&#8221; link_option_url=&#8221;@ET-DC@eyJkeW5hbWljIjp0cnVlLCJjb250ZW50IjoicG9zdF9saW5rX3VybF9wYWdlIiwic2V0dGluZ3MiOnsicG9zdF9pZCI6IjU3ODAifX0=@&#8221; global_colors_info=&#8221;{}&#8221;]<\/p>\n<h2 style=\"text-align: center;\"><a href=\"https:\/\/coopcomin.org\/cominvolo\/radura\/festeggiando-il-cinquantennale\/altri-anniversari\/\"><strong>Altri anniversari<\/strong><\/a><strong><\/strong><\/h2>\n<p><span style=\"font-weight: 400;\">Durante il Cinquantennale abbiamo volute ricordare anche altri anniversari, legati alla vita di qualche servizio. \u00c8 per noi significativo e bello ricordarli anche qui nel nostro blog con testi e immagini perch\u00e9 restino con pi\u00f9 facilit\u00e0 nella nostra memoria.<\/span><\/p>\n<p><span style=\"font-weight: 400;\">Cominceremo ricordando i 20+1 anni festeggiati da <\/span><i><span style=\"font-weight: 400;\">Piroga,<\/span><\/i><span style=\"font-weight: 400;\"> i 10 anni della <\/span><i><span style=\"font-weight: 400;\">Casa del tempo<\/span><\/i><span style=\"font-weight: 400;\">, il Quarantennale <\/span><i><span style=\"font-weight: 400;\">dell\u2019educativa domiciliare<\/span><\/i><span style=\"font-weight: 400;\"> festeggiato soprattutto con la pubblicazione del libro <\/span><i><span style=\"font-weight: 400;\">A casa d\u2019altri<\/span><\/i><span style=\"font-weight: 400;\"> e infine i trent\u2019anni del Filo d\u2019Arianna<\/span><\/p>\n<p>[\/et_pb_text][\/et_pb_column][\/et_pb_row][\/et_pb_section]<\/p>\n","protected":false},"excerpt":{"rendered":"<p>Festeggiando il Cinquantennale In questa pagina&#8230;<\/p>\n","protected":false},"author":7,"featured_media":2281,"parent":2349,"menu_order":0,"comment_status":"closed","ping_status":"closed","template":"","meta":{"_et_pb_use_builder":"on","_et_pb_old_content":"","_et_gb_content_width":"","rop_custom_images_group":[],"rop_custom_messages_group":[],"rop_publish_now":"initial","rop_publish_now_accounts":[],"rop_publish_now_history":[],"rop_publish_now_status":"pending","neve_meta_sidebar":"full-width","neve_meta_container":"contained","neve_meta_enable_content_width":"on","neve_meta_content_width":100,"neve_meta_title_alignment":"","neve_meta_author_avatar":"","neve_post_elements_order":"","neve_meta_disable_header":"off","neve_meta_disable_footer":"","neve_meta_disable_title":"on","neve_meta_reading_time":"","footnotes":""},"class_list":["post-5824","page","type-page","status-publish","has-post-thumbnail","hentry"],"jetpack_sharing_enabled":true,"_links":{"self":[{"href":"https:\/\/coopcomin.org\/cominvolo\/wp-json\/wp\/v2\/pages\/5824","targetHints":{"allow":["GET"]}}],"collection":[{"href":"https:\/\/coopcomin.org\/cominvolo\/wp-json\/wp\/v2\/pages"}],"about":[{"href":"https:\/\/coopcomin.org\/cominvolo\/wp-json\/wp\/v2\/types\/page"}],"author":[{"embeddable":true,"href":"https:\/\/coopcomin.org\/cominvolo\/wp-json\/wp\/v2\/users\/7"}],"replies":[{"embeddable":true,"href":"https:\/\/coopcomin.org\/cominvolo\/wp-json\/wp\/v2\/comments?post=5824"}],"version-history":[{"count":24,"href":"https:\/\/coopcomin.org\/cominvolo\/wp-json\/wp\/v2\/pages\/5824\/revisions"}],"predecessor-version":[{"id":9413,"href":"https:\/\/coopcomin.org\/cominvolo\/wp-json\/wp\/v2\/pages\/5824\/revisions\/9413"}],"up":[{"embeddable":true,"href":"https:\/\/coopcomin.org\/cominvolo\/wp-json\/wp\/v2\/pages\/2349"}],"wp:featuredmedia":[{"embeddable":true,"href":"https:\/\/coopcomin.org\/cominvolo\/wp-json\/wp\/v2\/media\/2281"}],"wp:attachment":[{"href":"https:\/\/coopcomin.org\/cominvolo\/wp-json\/wp\/v2\/media?parent=5824"}],"curies":[{"name":"wp","href":"https:\/\/api.w.org\/{rel}","templated":true}]}}