{"id":3621,"date":"2024-04-15T11:00:08","date_gmt":"2024-04-15T11:00:08","guid":{"rendered":"https:\/\/coopcomin.org\/cominvolo\/?page_id=3621"},"modified":"2025-06-03T10:37:43","modified_gmt":"2025-06-03T10:37:43","slug":"liberabile","status":"publish","type":"page","link":"https:\/\/coopcomin.org\/cominvolo\/liberabile\/","title":{"rendered":"Liberabile"},"content":{"rendered":"<p>[et_pb_section fb_built=&#8221;1&#8243; _builder_version=&#8221;4.19.4&#8243; _module_preset=&#8221;default&#8221; custom_margin=&#8221;0px||0px||false|false&#8221; custom_padding=&#8221;0px||0px||false|false&#8221; global_colors_info=&#8221;{}&#8221;][et_pb_row _builder_version=&#8221;4.19.4&#8243; _module_preset=&#8221;default&#8221; global_colors_info=&#8221;{}&#8221;][et_pb_column type=&#8221;4_4&#8243; _builder_version=&#8221;4.19.4&#8243; _module_preset=&#8221;default&#8221; global_colors_info=&#8221;{}&#8221;][et_pb_text _builder_version=&#8221;4.27.4&#8243; _module_preset=&#8221;default&#8221; header_font=&#8221;||||||||&#8221; header_2_font_size=&#8221;21px&#8221; hover_enabled=&#8221;0&#8243; global_colors_info=&#8221;{}&#8221; sticky_enabled=&#8221;0&#8243;]<\/p>\n<h1><strong>Liberabile &#8211; Festival dell&#8217;inclusione, abilit\u00e0 e fragilit\u00e0 in gioco<\/strong><\/h1>\n<h2>Giardino della Madia, sabato 20 aprile 2024<\/h2>\n<p>[\/et_pb_text][\/et_pb_column][\/et_pb_row][\/et_pb_section][et_pb_section fb_built=&#8221;1&#8243; _builder_version=&#8221;4.19.4&#8243; _module_preset=&#8221;default&#8221; custom_margin=&#8221;0px||0px||false|false&#8221; custom_padding=&#8221;0px||0px||false|false&#8221; global_colors_info=&#8221;{}&#8221;][et_pb_row use_custom_gutter=&#8221;on&#8221; gutter_width=&#8221;2&#8243; _builder_version=&#8221;4.27.2&#8243; _module_preset=&#8221;default&#8221; custom_margin=&#8221;0px||0px||false|false&#8221; custom_padding=&#8221;0px||0px||false|false&#8221; global_colors_info=&#8221;{}&#8221;][et_pb_column type=&#8221;4_4&#8243; _builder_version=&#8221;4.19.4&#8243; _module_preset=&#8221;default&#8221; global_colors_info=&#8221;{}&#8221;][et_pb_text _builder_version=&#8221;4.27.2&#8243; _module_preset=&#8221;default&#8221; header_font=&#8221;|800|||||||&#8221; header_font_size=&#8221;24px&#8221; header_2_font_size=&#8221;21px&#8221; width=&#8221;100%&#8221; global_colors_info=&#8221;{}&#8221;]<\/p>\n<p>Da molti anni e in molti servizi ci occupiamo di disabilit\u00e0, cercando di farlo in modo inclusivo, provando a generare incontri in contesti di relazione e di scambio pi\u00f9 ampi, promuovendo esperienze in cui abilit\u00e0 e fragilit\u00e0 si incontrano e in alcuni casi si sostengono, come per esempio nei vari progetti a gruppo (<em>Astrolabio, Deltaplano, Filo d\u2019Arianna, Percorsi Insieme, Rhoasi, SegurLab, Casa del Tempo<\/em>\u2026), nelle comunit\u00e0, nei progetti domiciliari e scolastici o ancora nel laboratorio di <em>Suono Risuono Sono<\/em> di Artemadia.<\/p>\n<p>Il gruppo ad Hoc di Comin che si occupa di queste tematiche ha pensato di organizzare un piccolo festival, <em>Liberabile<\/em>, una rassegna di percorsi ed esperienze che raccontino la possibilit\u00e0 di costruire spazi di cura della fragilit\u00e0 e delle possibilit\u00e0 di inclusione. Un momento anche leggero dedicato al riconoscimento e alla valorizzazione di queste esperienze, al termine del quale brindare anche con amici di \u201cComin\u201d con i quali queste avventure sono state condivise in questi anni.<\/p>\n<p>Il <strong>20 aprile 2024<\/strong> alla Madia \u00e8 stata l\u2019occasione per condividere attraverso diverse forme espressive (racconto, fotografie, messa in scena, video\u2026) esperienze, brevi testimonianze di momenti vissuti che ci parlino di cosa pu\u00f2 essere per noi il lavoro educativo con e per la disabilit\u00e0, coinvolgendo le famiglie e i ragazzi\/giovani adulti che hanno vissuto con noi queste esperienze.<\/p>\n<p>Di seguito troverete delle slide che presentano l\u2019approccio educativo all\u2019origine di queste esperienze e l\u2019elenco dei servizi ora attivi. Una delle finalit\u00e0 di Liberabile vuole essere infatti anche arricchire il pensiero pedagogico che ci guida. Per questo dopo il Festival arricchiremo <em>Radura<\/em> con i contenuti emersi durante la giornata, che ci auspichiamo piena di contenuti e gioia!<\/p>\n<p>Come anticipazione nella sezione <em>Diario di volo<\/em> un primo contributo dal titolo <em><u><a href=\"https:\/\/coopcomin.org\/cominvolo\/2024\/04\/15\/linclusivita-del-dito-medio\/\">L\u2019inclusivit\u00e0 del dito medio<\/a>.<\/u><\/em><\/p>\n<p>&nbsp;<\/p>\n<p>[\/et_pb_text][et_pb_image src=&#8221;https:\/\/coopcomin.org\/cominvolo\/wp-content\/uploads\/2024\/04\/LIBERABILE-INVITO-png.jpeg&#8221; alt=&#8221;Foto di gruppo dei soci Comin&#8221; _builder_version=&#8221;4.27.4&#8243; _module_preset=&#8221;default&#8221; global_colors_info=&#8221;{}&#8221;][\/et_pb_image][\/et_pb_column][\/et_pb_row][et_pb_row column_structure=&#8221;1_2,1_2&#8243; _builder_version=&#8221;4.27.2&#8243; _module_preset=&#8221;default&#8221; custom_margin=&#8221;0px||||false|false&#8221; custom_padding=&#8221;0px||||false|false&#8221; global_colors_info=&#8221;{}&#8221;][et_pb_column type=&#8221;1_2&#8243; _builder_version=&#8221;4.27.2&#8243; _module_preset=&#8221;default&#8221; global_colors_info=&#8221;{}&#8221;][et_pb_video src=&#8221;https:\/\/www.youtube.com\/watch?v=wolP_dg1fqw&#8221; src_webm=&#8221;https:\/\/www.youtube.com\/watch?v=wolP_dg1fqw&#8221; _builder_version=&#8221;4.27.2&#8243; _module_preset=&#8221;default&#8221; global_colors_info=&#8221;{}&#8221;][\/et_pb_video][\/et_pb_column][et_pb_column type=&#8221;1_2&#8243; _builder_version=&#8221;4.27.2&#8243; _module_preset=&#8221;default&#8221; global_colors_info=&#8221;{}&#8221;][et_pb_video src=&#8221;https:\/\/www.youtube.com\/watch?v=2aUqX7KPS_c&#8221; src_webm=&#8221;https:\/\/www.youtube.com\/watch?v=2aUqX7KPS_c&#8221; _builder_version=&#8221;4.27.2&#8243; _module_preset=&#8221;default&#8221; global_colors_info=&#8221;{}&#8221;][\/et_pb_video][\/et_pb_column][\/et_pb_row][et_pb_row _builder_version=&#8221;4.27.2&#8243; _module_preset=&#8221;default&#8221; global_colors_info=&#8221;{}&#8221;][et_pb_column type=&#8221;4_4&#8243; _builder_version=&#8221;4.27.2&#8243; _module_preset=&#8221;default&#8221; global_colors_info=&#8221;{}&#8221;][et_pb_text _builder_version=&#8221;4.27.3&#8243; _module_preset=&#8221;default&#8221; text_orientation=&#8221;center&#8221; global_colors_info=&#8221;{}&#8221;]<\/p>\n<h2>Presentazione delle esperienze di inclusione dei servizi Comin<\/h2>\n<p>[\/et_pb_text][\/et_pb_column][\/et_pb_row][et_pb_row use_custom_gutter=&#8221;on&#8221; gutter_width=&#8221;2&#8243; _builder_version=&#8221;4.27.2&#8243; _module_preset=&#8221;default&#8221; custom_margin=&#8221;0px||||false|false&#8221; custom_padding=&#8221;0px||||false|false&#8221; global_colors_info=&#8221;{}&#8221;][et_pb_column type=&#8221;4_4&#8243; _builder_version=&#8221;4.27.2&#8243; _module_preset=&#8221;default&#8221; global_colors_info=&#8221;{}&#8221;][et_pb_blog fullwidth=&#8221;off&#8221; include_categories=&#8221;288&#8243; show_author=&#8221;off&#8221; show_date=&#8221;off&#8221; show_categories=&#8221;off&#8221; show_excerpt=&#8221;off&#8221; show_pagination=&#8221;off&#8221; _builder_version=&#8221;4.27.2&#8243; _module_preset=&#8221;default&#8221; global_colors_info=&#8221;{}&#8221;][\/et_pb_blog][\/et_pb_column][\/et_pb_row][et_pb_row _builder_version=&#8221;4.27.2&#8243; _module_preset=&#8221;default&#8221; global_colors_info=&#8221;{}&#8221;][et_pb_column type=&#8221;4_4&#8243; _builder_version=&#8221;4.27.2&#8243; _module_preset=&#8221;default&#8221; global_colors_info=&#8221;{}&#8221;][et_pb_gallery gallery_ids=&#8221;3912,3913,3914,3915,3916,3917,3918,3919&#8243; fullwidth=&#8221;on&#8221; _builder_version=&#8221;4.24.2&#8243; _module_preset=&#8221;default&#8221; background_layout=&#8221;dark&#8221; global_colors_info=&#8221;{}&#8221;][\/et_pb_gallery][\/et_pb_column][\/et_pb_row][\/et_pb_section]<\/p>\n","protected":false},"excerpt":{"rendered":"<p>Liberabile &#8211; Festival dell&#8217;inclusione,&#8230;<\/p>\n","protected":false},"author":4,"featured_media":2281,"parent":0,"menu_order":0,"comment_status":"closed","ping_status":"closed","template":"","meta":{"_et_pb_use_builder":"on","_et_pb_old_content":"","_et_gb_content_width":"","rop_custom_images_group":[],"rop_custom_messages_group":[],"rop_publish_now":"initial","rop_publish_now_accounts":[],"rop_publish_now_history":[],"rop_publish_now_status":"pending","neve_meta_sidebar":"full-width","neve_meta_container":"contained","neve_meta_enable_content_width":"on","neve_meta_content_width":100,"neve_meta_title_alignment":"","neve_meta_author_avatar":"","neve_post_elements_order":"","neve_meta_disable_header":"off","neve_meta_disable_footer":"","neve_meta_disable_title":"on","neve_meta_reading_time":"","footnotes":""},"class_list":["post-3621","page","type-page","status-publish","has-post-thumbnail","hentry"],"jetpack_sharing_enabled":true,"_links":{"self":[{"href":"https:\/\/coopcomin.org\/cominvolo\/wp-json\/wp\/v2\/pages\/3621","targetHints":{"allow":["GET"]}}],"collection":[{"href":"https:\/\/coopcomin.org\/cominvolo\/wp-json\/wp\/v2\/pages"}],"about":[{"href":"https:\/\/coopcomin.org\/cominvolo\/wp-json\/wp\/v2\/types\/page"}],"author":[{"embeddable":true,"href":"https:\/\/coopcomin.org\/cominvolo\/wp-json\/wp\/v2\/users\/4"}],"replies":[{"embeddable":true,"href":"https:\/\/coopcomin.org\/cominvolo\/wp-json\/wp\/v2\/comments?post=3621"}],"version-history":[{"count":16,"href":"https:\/\/coopcomin.org\/cominvolo\/wp-json\/wp\/v2\/pages\/3621\/revisions"}],"predecessor-version":[{"id":5401,"href":"https:\/\/coopcomin.org\/cominvolo\/wp-json\/wp\/v2\/pages\/3621\/revisions\/5401"}],"wp:featuredmedia":[{"embeddable":true,"href":"https:\/\/coopcomin.org\/cominvolo\/wp-json\/wp\/v2\/media\/2281"}],"wp:attachment":[{"href":"https:\/\/coopcomin.org\/cominvolo\/wp-json\/wp\/v2\/media?parent=3621"}],"curies":[{"name":"wp","href":"https:\/\/api.w.org\/{rel}","templated":true}]}}