{"id":3472,"date":"2023-11-28T11:48:51","date_gmt":"2023-11-28T11:48:51","guid":{"rendered":"https:\/\/coopcomin.org\/cominvolo\/?page_id=3472"},"modified":"2025-06-03T10:54:15","modified_gmt":"2025-06-03T10:54:15","slug":"ancora-come-sisifo","status":"publish","type":"page","link":"https:\/\/coopcomin.org\/cominvolo\/ancora-come-sisifo\/","title":{"rendered":"Ancora come Sisifo?"},"content":{"rendered":"<p>[et_pb_section fb_built=&#8221;1&#8243; _builder_version=&#8221;4.19.4&#8243; _module_preset=&#8221;default&#8221; custom_margin=&#8221;0px|0px|0px|0px|false|false&#8221; custom_padding=&#8221;0px|0px|0px|0px|false|false&#8221; global_colors_info=&#8221;{}&#8221;][et_pb_row _builder_version=&#8221;4.19.4&#8243; _module_preset=&#8221;default&#8221; global_colors_info=&#8221;{}&#8221;][et_pb_column type=&#8221;4_4&#8243; _builder_version=&#8221;4.19.4&#8243; _module_preset=&#8221;default&#8221; global_colors_info=&#8221;{}&#8221;][et_pb_text _builder_version=&#8221;4.27.4&#8243; _module_preset=&#8221;default&#8221; hover_enabled=&#8221;0&#8243; global_colors_info=&#8221;{}&#8221; sticky_enabled=&#8221;0&#8243;]<\/p>\n<h1><strong>Ancora come Sisifo?<\/strong><\/h1>\n<h2>Essere cooperativa per abitare le contraddizioni del lavoro sociale<\/h2>\n<p>[\/et_pb_text][\/et_pb_column][\/et_pb_row][\/et_pb_section][et_pb_section fb_built=&#8221;1&#8243; _builder_version=&#8221;4.19.4&#8243; _module_preset=&#8221;default&#8221; custom_margin=&#8221;0px||0px||false|false&#8221; custom_padding=&#8221;0px||0px||false|false&#8221; global_colors_info=&#8221;{}&#8221;][et_pb_row _builder_version=&#8221;4.19.4&#8243; _module_preset=&#8221;default&#8221; global_colors_info=&#8221;{}&#8221;][et_pb_column type=&#8221;4_4&#8243; _builder_version=&#8221;4.19.4&#8243; _module_preset=&#8221;default&#8221; global_colors_info=&#8221;{}&#8221;][et_pb_text _builder_version=&#8221;4.23.1&#8243; _module_preset=&#8221;default&#8221; header_font=&#8221;|800|||||||&#8221; header_font_size=&#8221;24px&#8221; header_2_font_size=&#8221;21px&#8221; custom_padding=&#8221;||0px|||&#8221; global_colors_info=&#8221;{}&#8221;]<\/p>\n<p>Sono gi\u00e0 passati pi\u00f9 di 7 anni da quando abbiamo pubblicato il fascicolo Come Sisifo? Questo fascicolo \u00e8 il frutto di riflessioni condivise intorno al significato del nostro lavorare assieme in cooperativa, sviluppate all\u2019interno delle azioni per valorizzare il quarantennale di Comin.\u00a0<\/p>\n<p>Abbiamo definito in modo chiaro i pilastri del nostro lavoro cooperativo, cercando di tratteggiare una strada per abitare in modo consapevole le contraddizioni del lavoro sociale, adoperandoci anche per fare in modo che il nostro lavoro fosse strumento di maggiore consapevolezza per tutta la societ\u00e0 delle disuguaglianze e della sofferenza che essa produce, e della necessit\u00e0 che a farsene carico non fossero solo gli operatori sociali.<\/p>\n<p>Ci sembra che ora, dopo pochi anni, le contraddizioni presenti nel nostro mondo non si siano risolte. Per questo decidiamo di ripubblicare qui sul Blog il testo. Usiamo le stesse parole non per essere dogmatici, ma -al contrario- per voler aprire un confronto<\/p>\n<p>[\/et_pb_text][\/et_pb_column][\/et_pb_row][\/et_pb_section][et_pb_section fb_built=&#8221;1&#8243; _builder_version=&#8221;4.20.0&#8243; _module_preset=&#8221;default&#8221; global_colors_info=&#8221;{}&#8221;][et_pb_row _builder_version=&#8221;4.22.1&#8243; _module_preset=&#8221;default&#8221; global_colors_info=&#8221;{}&#8221;][et_pb_column type=&#8221;4_4&#8243; _builder_version=&#8221;4.22.1&#8243; _module_preset=&#8221;default&#8221; global_colors_info=&#8221;{}&#8221;][et_pb_blog fullwidth=&#8221;off&#8221; include_categories=&#8221;248&#8243; show_author=&#8221;off&#8221; show_date=&#8221;off&#8221; show_categories=&#8221;off&#8221; _builder_version=&#8221;4.23.1&#8243; _module_preset=&#8221;default&#8221; border_color_all_image=&#8221;#d8d8d8&#8243; border_width_top_image=&#8221;1px&#8221; border_width_right_image=&#8221;1px&#8221; border_width_left_image=&#8221;1px&#8221; global_colors_info=&#8221;{}&#8221;][\/et_pb_blog][et_pb_image src=&#8221;https:\/\/coopcomin.org\/cominvolo\/wp-content\/uploads\/2023\/11\/sisifo_page-0001.jpg&#8221; alt=&#8221;L&#8217;Intelligenza degli alberi&#8221; title_text=&#8221;Sisifo Page 0001&#8243; _builder_version=&#8221;4.23.1&#8243; _module_preset=&#8221;default&#8221; global_colors_info=&#8221;{}&#8221;][\/et_pb_image][\/et_pb_column][\/et_pb_row][\/et_pb_section]<\/p>\n","protected":false},"excerpt":{"rendered":"<p>Ancora come Sisifo? Essere cooperativa per abitare le&#8230;<\/p>\n","protected":false},"author":4,"featured_media":2281,"parent":0,"menu_order":0,"comment_status":"closed","ping_status":"closed","template":"","meta":{"_et_pb_use_builder":"on","_et_pb_old_content":"","_et_gb_content_width":"","rop_custom_images_group":[],"rop_custom_messages_group":[],"rop_publish_now":"initial","rop_publish_now_accounts":[],"rop_publish_now_history":[],"rop_publish_now_status":"pending","neve_meta_sidebar":"full-width","neve_meta_container":"contained","neve_meta_enable_content_width":"on","neve_meta_content_width":100,"neve_meta_title_alignment":"","neve_meta_author_avatar":"","neve_post_elements_order":"","neve_meta_disable_header":"off","neve_meta_disable_footer":"","neve_meta_disable_title":"on","neve_meta_reading_time":"","footnotes":""},"class_list":["post-3472","page","type-page","status-publish","has-post-thumbnail","hentry"],"jetpack_sharing_enabled":true,"_links":{"self":[{"href":"https:\/\/coopcomin.org\/cominvolo\/wp-json\/wp\/v2\/pages\/3472","targetHints":{"allow":["GET"]}}],"collection":[{"href":"https:\/\/coopcomin.org\/cominvolo\/wp-json\/wp\/v2\/pages"}],"about":[{"href":"https:\/\/coopcomin.org\/cominvolo\/wp-json\/wp\/v2\/types\/page"}],"author":[{"embeddable":true,"href":"https:\/\/coopcomin.org\/cominvolo\/wp-json\/wp\/v2\/users\/4"}],"replies":[{"embeddable":true,"href":"https:\/\/coopcomin.org\/cominvolo\/wp-json\/wp\/v2\/comments?post=3472"}],"version-history":[{"count":9,"href":"https:\/\/coopcomin.org\/cominvolo\/wp-json\/wp\/v2\/pages\/3472\/revisions"}],"predecessor-version":[{"id":5309,"href":"https:\/\/coopcomin.org\/cominvolo\/wp-json\/wp\/v2\/pages\/3472\/revisions\/5309"}],"wp:featuredmedia":[{"embeddable":true,"href":"https:\/\/coopcomin.org\/cominvolo\/wp-json\/wp\/v2\/media\/2281"}],"wp:attachment":[{"href":"https:\/\/coopcomin.org\/cominvolo\/wp-json\/wp\/v2\/media?parent=3472"}],"curies":[{"name":"wp","href":"https:\/\/api.w.org\/{rel}","templated":true}]}}