{"id":3236,"date":"2023-09-25T14:46:52","date_gmt":"2023-09-25T14:46:52","guid":{"rendered":"https:\/\/coopcomin.org\/cominvolo\/?page_id=3236"},"modified":"2025-05-21T09:08:30","modified_gmt":"2025-05-21T09:08:30","slug":"favole-per-dire","status":"publish","type":"page","link":"https:\/\/coopcomin.org\/cominvolo\/favole-per-dire\/","title":{"rendered":"favole per dire"},"content":{"rendered":"<p>[et_pb_section fb_built=&#8221;1&#8243; _builder_version=&#8221;4.19.4&#8243; _module_preset=&#8221;default&#8221; custom_margin=&#8221;0px|0px|0px|0px|false|false&#8221; custom_padding=&#8221;0px|0px|0px|0px|false|false&#8221; global_colors_info=&#8221;{}&#8221;][et_pb_row _builder_version=&#8221;4.19.4&#8243; _module_preset=&#8221;default&#8221; global_colors_info=&#8221;{}&#8221;][et_pb_column type=&#8221;4_4&#8243; _builder_version=&#8221;4.19.4&#8243; _module_preset=&#8221;default&#8221; global_colors_info=&#8221;{}&#8221;][et_pb_text _builder_version=&#8221;4.27.4&#8243; _module_preset=&#8221;default&#8221; hover_enabled=&#8221;0&#8243; global_colors_info=&#8221;{}&#8221; sticky_enabled=&#8221;0&#8243;]<\/p>\n<h1><strong>Favole per dire<\/strong><\/h1>\n<p>[\/et_pb_text][\/et_pb_column][\/et_pb_row][\/et_pb_section][et_pb_section fb_built=&#8221;1&#8243; _builder_version=&#8221;4.19.4&#8243; _module_preset=&#8221;default&#8221; custom_margin=&#8221;0px||0px||false|false&#8221; custom_padding=&#8221;0px||0px||false|false&#8221; global_colors_info=&#8221;{}&#8221;][et_pb_row _builder_version=&#8221;4.19.4&#8243; _module_preset=&#8221;default&#8221; global_colors_info=&#8221;{}&#8221;][et_pb_column type=&#8221;4_4&#8243; _builder_version=&#8221;4.19.4&#8243; _module_preset=&#8221;default&#8221; global_colors_info=&#8221;{}&#8221;][et_pb_text _builder_version=&#8221;4.22.1&#8243; _module_preset=&#8221;default&#8221; header_font=&#8221;|800|||||||&#8221; header_font_size=&#8221;24px&#8221; header_2_font_size=&#8221;21px&#8221; custom_padding=&#8221;||0px|||&#8221; global_colors_info=&#8221;{}&#8221;]<\/p>\n<p><span style=\"font-weight: 400;\">Con le favole si pu\u00f2 dire molto. \u00c8 uno strumento che abbiamo utilizzato spesso nel nostro lavoro con i bambini pi\u00f9 piccoli, al momento dei saluti.\u00a0<\/span><\/p>\n<p><span style=\"font-weight: 400;\">Alessandra ha invece usato questo linguaggio narrativo per salutare i suoi compagni d\u2019equipe.<\/span><\/p>\n<p><span style=\"font-weight: 400;\">Riteniamo significativo pubblicare queste fiabe anche come testimonianza del legame di familiarit\u00e0 che si crea in un\u2019equipe, quando funziona bene\u2026 Questo legame \u00e8 elemento necessario anche per la salute di tutta la comunit\u00e0.\u00a0<\/span><\/p>\n<p><span style=\"font-weight: 400;\">Leggendole poi, in questa favole ho rintracciato anche qualcosa di mio.\u00a0<\/span><\/p>\n<p><span style=\"font-weight: 400;\">E infine un ringraziamento particolare all\u2019amica pittrice <strong>Silva Ramacci<\/strong> che ha interpretato ognuna di queste fiabe con un disegno apposta per noi. Un regalo che rende pi\u00f9 preziosa la lettura di queste favole.<\/span><\/p>\n<p>[\/et_pb_text][\/et_pb_column][\/et_pb_row][\/et_pb_section][et_pb_section fb_built=&#8221;1&#8243; _builder_version=&#8221;4.20.0&#8243; _module_preset=&#8221;default&#8221; global_colors_info=&#8221;{}&#8221;][et_pb_row _builder_version=&#8221;4.22.1&#8243; _module_preset=&#8221;default&#8221; global_colors_info=&#8221;{}&#8221;][et_pb_column type=&#8221;4_4&#8243; _builder_version=&#8221;4.22.1&#8243; _module_preset=&#8221;default&#8221; global_colors_info=&#8221;{}&#8221;][et_pb_blog fullwidth=&#8221;off&#8221; include_categories=&#8221;236&#8243; show_author=&#8221;off&#8221; show_date=&#8221;off&#8221; show_categories=&#8221;off&#8221; _builder_version=&#8221;4.27.4&#8243; _module_preset=&#8221;default&#8221; global_colors_info=&#8221;{}&#8221;][\/et_pb_blog][\/et_pb_column][\/et_pb_row][\/et_pb_section]<\/p>\n","protected":false},"excerpt":{"rendered":"<p>Favole per dire Con le favole si pu\u00f2 dire molto. \u00c8&#8230;<\/p>\n","protected":false},"author":2,"featured_media":2281,"parent":0,"menu_order":0,"comment_status":"closed","ping_status":"closed","template":"","meta":{"_et_pb_use_builder":"on","_et_pb_old_content":"","_et_gb_content_width":"","rop_custom_images_group":[],"rop_custom_messages_group":[],"rop_publish_now":"initial","rop_publish_now_accounts":[],"rop_publish_now_history":[],"rop_publish_now_status":"pending","neve_meta_sidebar":"full-width","neve_meta_container":"contained","neve_meta_enable_content_width":"on","neve_meta_content_width":100,"neve_meta_title_alignment":"","neve_meta_author_avatar":"","neve_post_elements_order":"","neve_meta_disable_header":"off","neve_meta_disable_footer":"","neve_meta_disable_title":"on","neve_meta_reading_time":"","footnotes":""},"class_list":["post-3236","page","type-page","status-publish","has-post-thumbnail","hentry"],"jetpack_sharing_enabled":true,"_links":{"self":[{"href":"https:\/\/coopcomin.org\/cominvolo\/wp-json\/wp\/v2\/pages\/3236","targetHints":{"allow":["GET"]}}],"collection":[{"href":"https:\/\/coopcomin.org\/cominvolo\/wp-json\/wp\/v2\/pages"}],"about":[{"href":"https:\/\/coopcomin.org\/cominvolo\/wp-json\/wp\/v2\/types\/page"}],"author":[{"embeddable":true,"href":"https:\/\/coopcomin.org\/cominvolo\/wp-json\/wp\/v2\/users\/2"}],"replies":[{"embeddable":true,"href":"https:\/\/coopcomin.org\/cominvolo\/wp-json\/wp\/v2\/comments?post=3236"}],"version-history":[{"count":12,"href":"https:\/\/coopcomin.org\/cominvolo\/wp-json\/wp\/v2\/pages\/3236\/revisions"}],"predecessor-version":[{"id":5399,"href":"https:\/\/coopcomin.org\/cominvolo\/wp-json\/wp\/v2\/pages\/3236\/revisions\/5399"}],"wp:featuredmedia":[{"embeddable":true,"href":"https:\/\/coopcomin.org\/cominvolo\/wp-json\/wp\/v2\/media\/2281"}],"wp:attachment":[{"href":"https:\/\/coopcomin.org\/cominvolo\/wp-json\/wp\/v2\/media?parent=3236"}],"curies":[{"name":"wp","href":"https:\/\/api.w.org\/{rel}","templated":true}]}}